{"id":735,"date":"2016-07-08T09:39:45","date_gmt":"2016-07-08T09:39:45","guid":{"rendered":"http:\/\/dreamvilla.fortune-creations.com\/demo_dreamvilla\/?page_id=735"},"modified":"2020-08-03T00:55:59","modified_gmt":"2020-08-02T22:55:59","slug":"anreise-kontakt-impressum","status":"publish","type":"page","link":"https:\/\/www.maison1393.com\/de\/anreise-kontakt-impressum\/","title":{"rendered":"Anreise &#038; Kontakt &#038; Impressum"},"content":{"rendered":"[vc_row][vc_column]<div class=\"dreamvilla-vertical-space1\"><\/div>\r\n\t<div class=\"max-title max-title1\">\r\n\t\t<h1 class=\"text-center\"><span class=\"none after left\"><strong>Impressum<\/strong><\/span><\/h1>\r\n\t<\/div><div class=\"dreamvilla-vertical-space2\"><\/div>[vc_column_text]\n<p style=\"text-align: center;\"><strong>Angaben gem\u00e4\u00df \u00a7 5 TMG:<\/strong><\/p>\n<p style=\"text-align: center;\">Charis &amp;\u00a0Steffen K\u00fchn<\/p>\n<p style=\"text-align: center;\">Michaelkirchstra\u00dfe 15<br \/>\n10179 Berlin<\/p>\n<p style=\"text-align: center;\">chambres@maison1393.com<br \/>\nwww.maison1393.com<\/p>\n<p style=\"text-align: center;\"><strong>Verantwortlich f\u00fcr den Inhalt nach \u00a7 55 Abs. 2 RStV:<\/strong><\/p>\n<p style=\"text-align: center;\">Steffen K\u00fchn<br \/>\nMichaelkirchstra\u00dfe 15<br \/>\n10179 Berlin<\/p>\n<p style=\"text-align: center;\">Haftungshinweis:<\/p>\n<p style=\"text-align: center;\">Trotz sorgf\u00e4ltiger inhaltlicher Kontrolle \u00fcbernehmen wir keine Haftung f\u00fcr die Inhalte externer Links. F\u00fcr den Inhalt der verlinkten Seiten sind ausschlie\u00dflich deren Betreiber verantwortlich.<\/p>\n[\/vc_column_text]<div class=\"dreamvilla-vertical-space2\"><\/div>\r\n\t<div class=\"max-title max-title1\">\r\n\t\t<h1 class=\"text-center\"><span class=\"none after left\"><strong>Datenschutz<\/strong><\/span><\/h1>\r\n\t<\/div><div class=\"dreamvilla-vertical-space2\"><\/div>[vc_column_text]\n<p style=\"text-align: center;\"><a href=\"\/privacy\">Hier finden Sie unsere Datenschutzerkl\u00e4rung.<\/a><\/p>\n[\/vc_column_text][\/vc_column][\/vc_row]\n[vc_row][vc_column]<div class=\"dreamvilla-vertical-space2\"><\/div>\r\n\t<div class=\"max-title max-title1\">\r\n\t\t<h1 style=\"color: #4d443f;\" class=\"text-center\"><span class=\"none after left\"><strong>Anreise &amp; Kontakt<\/strong><\/span><\/h1>\r\n\t<\/div><div class=\"dreamvilla-vertical-space1\"><\/div>[vc_column_text]\n<p style=\"text-align: center;\"><strong>Flughafen Montpellier<\/strong><br \/>\nAnschluss an das internationale Luftverkehrsnetz<\/p>\n<p style=\"text-align: center;\"><strong>Montpellier Zug- und Busverbindungen<\/strong><br \/>\nTGV Anschluss, Fernbusanschluss (Berlin, D\u00fcsseldorf, Barcelona u.v.m.)<\/p>\n<p style=\"text-align: center;\"><strong>Vic la Gardiole<\/strong><br \/>\nBusanschluss (S\u00e8te und Montpellier), Zug ab Mireval<\/p>\n<p style=\"text-align: center;\"><strong>Auto<\/strong><br \/>\n\u00fcber europ\u00e4isches Autobahnnetz bis Montpellier<\/p>\n[\/vc_column_text]<div class=\"dreamvilla-vertical-space1\"><\/div>\r\n\t<div class=\"max-title max-title1\">\r\n\t\t<h1 class=\"text-center\"><span class=\"none after left\">Adresse der Apartments<\/span><\/h1>\r\n\t<\/div>[vc_column_text]\n<p style=\"text-align: center;\">Frankreich<br \/>\n34110 Vic-la-Gardiole<br \/>\nRue Rabelais 8<\/p>\n[\/vc_column_text][\/vc_column][\/vc_row][vc_row][vc_column]<div class=\"dreamvilla-vertical-space2\"><\/div>\t\r\n\t<div class=\"location-map\">\r\n\t\t<div id=\"googleMap250\" style=\"\"><\/div>\r\n\t<\/div>\r\n\t\r\n\t<script type=\"text\/javascript\">\r\n\t\tjQuery(document).ready(function(){\r\n\t\t\tfunction initialize(){\r\n\t\t\t\tvar myCenter = new google.maps.LatLng(\"43.4909937\",\"3.7947912\");\r\n\t\t\t\tvar mapProp = {\r\n\t\t\t\t\t\t\t\tcenter:myCenter,\r\n\t\t\t\t\t\t\t\tzoom:15,\t\r\n\t\t\t\t\t\t\t\tmapTypeId:google.maps.MapTypeId.ROADMAP,\r\n\t\t\t\t\t\t\t\tscrollwheel: false,\r\n\t\t\t\t\t\t\t\t\t\t\t\t\t\t\t\t\tstyles: [{\"featureType\":\"administrative\",\"elementType\":\"labels.text.fill\",\"stylers\":[{\"color\":\"#444444\"}]},{\"featureType\":\"landscape\",\"elementType\":\"all\",\"stylers\":[{\"color\":\"#f2f2f2\"}]},{\"featureType\":\"poi\",\"elementType\":\"all\",\"stylers\":[{\"visibility\":\"off\"}]},{\"featureType\":\"road\",\"elementType\":\"all\",\"stylers\":[{\"saturation\":-100},{\"lightness\":45}]},{\"featureType\":\"road.highway\",\"elementType\":\"all\",\"stylers\":[{\"visibility\":\"simplified\"}]},{\"featureType\":\"road.arterial\",\"elementType\":\"labels.icon\",\"stylers\":[{\"visibility\":\"off\"}]},{\"featureType\":\"transit\",\"elementType\":\"all\",\"stylers\":[{\"visibility\":\"off\"}]},{\"featureType\":\"water\",\"elementType\":\"all\",\"stylers\":[{\"color\":\"#46bcec\"},{\"visibility\":\"on\"}]}]\n\n\t\t\t\t\t\t\t};\r\n\t\t\t\tvar map = new google.maps.Map(document.getElementById(\"googleMap250\"),mapProp);\r\n\t\t\t\t\r\n\t\t\t\t\t\t\t\t\tvar marker = new google.maps.Marker({position:myCenter,icon:'https:\/\/www.maison1393.com\/wp-content\/uploads\/2016\/07\/map_marker.png'});\r\n\t\t\t\t\tmarker.setMap(map);\r\n\r\n\t\t\t\t\t\r\n\t\t\t\t\t\t\t}\r\n\r\n\t\t\tgoogle.maps.event.addDomListener(window,'load',initialize);\r\n\t\t});\t\t\t\t\t\t\t\r\n\t<\/script><div class=\"dreamvilla-vertical-space4\"><\/div>[\/vc_column][\/vc_row][vc_row][vc_column][vc_row_inner css=&#8220;.vc_custom_1477165871501{margin-top: 0px !important;margin-right: 0px !important;margin-bottom: 0px !important;margin-left: 0px !important;padding-top: 0px !important;padding-right: 20px !important;padding-bottom: 20px !important;padding-left: 20px !important;background-color: #4d443f !important;}&#8220;][vc_column_inner]\r\n\t\t<div class=\"col-md-4 col-xs-4 padding_none\">\r\n\t\t\t<img decoding=\"async\" src=\"https:\/\/www.maison1393.com\/wp-content\/uploads\/2016\/07\/steffen_kuehn.png\" alt=\"agent-photo\" class=\"agent_contactform_photo\">\r\n\t\t<\/div>\r\n\t\t<div class=\"col-md-8 col-xs-8 agent_contact_info_footer\">\r\n\t\t\t<h3 class=\"agent-name\">Steffen K\u00fchn<\/h3>\r\n\t\t\t<p class=\"certified-agent\">\r\n\t\t\t\t\r\n\t\t\t<\/p>\r\n\t\t\t<p><span class=\"glyphicon glyphicon-earphone\"><\/span><\/p>\r\n\t\t\t<p><span class=\"glyphicon glyphicon-envelope\"><\/span><a href=\"mailto:chambres@maison1393.com\">chambres@maison1393.com<\/a><\/p>\r\n\t\t<\/div><div class=\"dreamvilla-vertical-space1\"><\/div>[\/vc_column_inner][\/vc_row_inner][\/vc_column][\/vc_row]\n","protected":false},"excerpt":{"rendered":"<p>[vc_row][vc_column][vc_column_text] Angaben gem\u00e4\u00df \u00a7 5 TMG: Charis &amp;\u00a0Steffen K\u00fchn Michaelkirchstra\u00dfe 15 10179 Berlin chambres@maison1393.com www.maison1393.com Verantwortlich f\u00fcr den Inhalt nach \u00a7 55 Abs. 2 RStV: Steffen K\u00fchn Michaelkirchstra\u00dfe 15 10179 Berlin Haftungshinweis: Trotz sorgf\u00e4ltiger inhaltlicher Kontrolle \u00fcbernehmen wir keine Haftung f\u00fcr die Inhalte externer Links. F\u00fcr den Inhalt der verlinkten Seiten sind ausschlie\u00dflich deren Betreiber &hellip; <a href=\"https:\/\/www.maison1393.com\/de\/anreise-kontakt-impressum\/\" class=\"more-link\">Continue reading <span class=\"screen-reader-text\">Anreise &#038; Kontakt &#038; Impressum<\/span><\/a><\/p>\n","protected":false},"author":1,"featured_media":0,"parent":0,"menu_order":0,"comment_status":"closed","ping_status":"closed","template":"","meta":{"footnotes":""},"class_list":["post-735","page","type-page","status-publish","hentry"],"_links":{"self":[{"href":"https:\/\/www.maison1393.com\/de\/wp-json\/wp\/v2\/pages\/735"}],"collection":[{"href":"https:\/\/www.maison1393.com\/de\/wp-json\/wp\/v2\/pages"}],"about":[{"href":"https:\/\/www.maison1393.com\/de\/wp-json\/wp\/v2\/types\/page"}],"author":[{"embeddable":true,"href":"https:\/\/www.maison1393.com\/de\/wp-json\/wp\/v2\/users\/1"}],"replies":[{"embeddable":true,"href":"https:\/\/www.maison1393.com\/de\/wp-json\/wp\/v2\/comments?post=735"}],"version-history":[{"count":35,"href":"https:\/\/www.maison1393.com\/de\/wp-json\/wp\/v2\/pages\/735\/revisions"}],"predecessor-version":[{"id":1967,"href":"https:\/\/www.maison1393.com\/de\/wp-json\/wp\/v2\/pages\/735\/revisions\/1967"}],"wp:attachment":[{"href":"https:\/\/www.maison1393.com\/de\/wp-json\/wp\/v2\/media?parent=735"}],"curies":[{"name":"wp","href":"https:\/\/api.w.org\/{rel}","templated":true}]}}