{"id":2267,"date":"2024-09-08T23:13:52","date_gmt":"2024-09-08T21:13:52","guid":{"rendered":"https:\/\/www.maison1393.com\/?page_id=2267"},"modified":"2024-09-11T12:23:39","modified_gmt":"2024-09-11T10:23:39","slug":"weine-edition-23","status":"publish","type":"page","link":"https:\/\/www.maison1393.com\/de\/weine-edition-23\/","title":{"rendered":"Wein Edition &#8217;23"},"content":{"rendered":"\n<div style=\"height:40px\" aria-hidden=\"true\" class=\"wp-block-spacer\"><\/div>\n\n\n\n<div class=\"max-title max-title1\">\n\t\t<h1 class=\"text-center\"><span class=\"none after left\"><strong>Maison 1393 &#8211; Wein Edition &#8217;23<\/strong><\/span><\/h1>\n<\/div>\n\n\n\n<div style=\"height:40px\" aria-hidden=\"true\" class=\"wp-block-spacer\"><\/div>\n\n\n\n<div style=\"height:40px\" aria-hidden=\"true\" class=\"wp-block-spacer\"><\/div>\n\n\n\n<h3 class=\"wp-block-heading\">Die Weine<\/h3>\n\n\n<div class=\"wp-block-image\">\n<figure class=\"aligncenter size-full\"><img loading=\"lazy\" decoding=\"async\" width=\"1024\" height=\"768\" src=\"https:\/\/www.maison1393.com\/wp-content\/uploads\/2024\/04\/c4a076a9-817d-47aa-bf49-24ab6d0d9973.jpg\" alt=\"\" class=\"wp-image-2268\" style=\"width:840px;height:auto\" srcset=\"https:\/\/www.maison1393.com\/wp-content\/uploads\/2024\/04\/c4a076a9-817d-47aa-bf49-24ab6d0d9973.jpg 1024w, https:\/\/www.maison1393.com\/wp-content\/uploads\/2024\/04\/c4a076a9-817d-47aa-bf49-24ab6d0d9973-300x225.jpg 300w, https:\/\/www.maison1393.com\/wp-content\/uploads\/2024\/04\/c4a076a9-817d-47aa-bf49-24ab6d0d9973-768x576.jpg 768w\" sizes=\"(max-width: 1024px) 100vw, 1024px\" \/><\/figure><\/div>\n\n\n<div style=\"height:24px\" aria-hidden=\"true\" class=\"wp-block-spacer\"><\/div>\n\n\n\n<p class=\"has-text-align-center\"><strong>Cuv\u00e9e Blanche 2021<\/strong><br>Cuv\u00e9e aus Muscat Blanc \u00e0 Petits Grains und Vermentino. Ein trockener und aromatischer Wein mit einer feinen Nase von Muskat-, Mandarinen- und Blumennoten. Der Wein hat eine gute Nachhaltigkeit im Mund und eine sch\u00f6ne Frische.<\/p>\n\n\n\n<p class=\"has-text-align-center\">&#8230;&#8230;&#8230;&#8230;.<\/p>\n\n\n\n<p class=\"has-text-align-center\"><strong>Cuv\u00e9e Blanche<\/strong> <strong>Barrique 2021<\/strong><br>Cuv\u00e9e aus Roussanne und Grenache blanc. Ein trockener und sehr aromatischer Wein mit Zitrusnoten und einer sch\u00f6nen Lebendigkeit im Mund. Passt gut zu Fisch, Fenchel, Sellerie, Dill oder auch als Aperitif. 50% der Cuv\u00e9e werden 6 Monate lang in Bordeaux-F\u00e4ssern ausgebaut.<\/p>\n\n\n\n<p class=\"has-text-align-center\">&#8230;&#8230;&#8230;&#8230;.<\/p>\n\n\n\n<p class=\"has-text-align-center\"><strong>Cuv\u00e9e Ros\u00e9 Estive 2022<\/strong><br>Cuv\u00e9e Mischung aus Mourv\u00e8dre und Cinsaut. In der Nase und am Gaumen dominieren s\u00fc\u00df-w\u00fcrzige Kirsch- und Himbeernoten.<\/p>\n\n\n\n<p class=\"has-text-align-center\">&#8230;&#8230;&#8230;&#8230;.<\/p>\n\n\n\n<p class=\"has-text-align-center\"><strong>Cuv\u00e9e Ros\u00e9 2021<\/strong><br>Cuv\u00e9e aus Syrah und Grenache Noir. Ein trockener und duftender Wein mit einem runden und fruchtigen Geschmack.<\/p>\n\n\n\n<p class=\"has-text-align-center\">&#8230;&#8230;&#8230;&#8230;.<\/p>\n\n\n\n<p class=\"has-text-align-center\"><strong>Cuv\u00e9e Rouge 2020<\/strong><br>Cuv\u00e9e aus Syrah und Grenache Noir. Sch\u00f6nes leuchtendes Rot mit granatroten Nuancen, offenes Bouquet mit fruchtigen und w\u00fcrzigen Noten und einem subtilen Tr\u00fcffelaroma. Der Wein wird zu 100% ein Jahr lang in Eichenf\u00e4ssern ausgebaut.<\/p>\n\n\n\n<p class=\"has-text-align-center\">&#8230;&#8230;&#8230;&#8230;.<\/p>\n\n\n\n<p class=\"has-text-align-center\"><strong>Cuv\u00e9e Rouge Prestige 2020<\/strong><br>Cuv\u00e9e aus Syrah und Mourv\u00e8dre. Ein Wein von kr\u00e4ftiger Farbe. Klar definierte, tiefe Nase von reifen roten und schwarzen Fr\u00fcchten, mit einer mineralischen und w\u00fcrzigen Dimension im Hintergrund. Der Wein wird zu 100 % \u00fcber 14 Monate lang in Eichenf\u00e4ssern ausgebaut.<\/p>\n\n\n\n<p class=\"has-text-align-center\">&#8230;&#8230;&#8230;&#8230;.<\/p>\n\n\n\n<p class=\"has-text-align-center\"><strong>Cr\u00e9mant Blanc Brut Nature 2021<\/strong><br>Cuv\u00e9e aus Chardonnay, Chenin und Pinot Noir. Nach traditioneller Methode hergestellt und 24 Monate lang gereift.<\/p>\n\n\n\n<p class=\"has-text-align-center\">&#8230;&#8230;&#8230;&#8230;.<\/p>\n\n\n\n<div style=\"height:40px\" aria-hidden=\"true\" class=\"wp-block-spacer\"><\/div>\n\n\n\n<h3 class=\"wp-block-heading\">Geschichte<\/h3>\n\n\n\n<p><strong>Der Name:<\/strong><br><strong>Maison 1393<\/strong> ist ein stattliches Geb\u00e4ude aus dem 14. Jahrhundert in Vic La Gardiole bei Montpellier in S\u00fcdfrankreich. Im Erdgeschoss ist das historischen Gew\u00f6lbe aus dem Jahr 1393 erhalten. Hier wurde fr\u00fcher Wein produziert. Meterdicke W\u00e4nde und Decken schirmen das Innere von der Hitze des Sommers ab. Ideale Bedingungen zum Keltern von Wein.<\/p>\n\n\n\n<p><strong>Die Region:<\/strong><br>Um Vic la Gardiole ist gepr\u00e4gt vom Anbau von Wein, eingebettet in das Weinbaugebiet Languedoc-Roussillon. Languedoc-Roussillon ist das gr\u00f6\u00dfte Weinbaugebiet Frankreichs und. Bekannt f\u00fcr seine Cuv\u00e9es as Syrah, Grenache und Mouv\u00e8rdre.<\/p>\n\n\n\n<p><strong>Das Logo:<\/strong><br>Die rosaroten Flamingos pr\u00e4gen die K\u00fcstenlandschaft &#8211; und stehen Pate f\u00fcr die Weine von Maison 1393.<\/p>\n\n\n\n<p><strong>Die Freunde: <\/strong><br>Steffen K\u00fchn ist ein rationaler Flaneur. Keine Bank ist ihm zu gro\u00df, keine Idee nicht wert verfolgt zu werden. 2016 fand und sanierte er Maison 1393. Steffen lebt in Berlin und in Vic la Gardiole.<\/p>\n\n\n\n<p>Steffen Rehn pragmatischer Geniesser. Er ist sich f\u00fcr kein Abenteuer zu schade und immer auf der Suche nach neuen Herausforderungen. Steffen lebt seit 2016 in D\u00e4nemark.<\/p>\n\n\n\n<p>Beide verbindet der gute Geschmack, interessante Weine, die Liebe zu Frankreich und gemeinsame Projekte. Mit Maison 1393 bringen Sie eine feine und geschmackvolle Auswahl an feinen Weine (und mehr) nach Deutschland und D\u00e4nemark.<\/p>\n\n\n\n<div style=\"height:40px\" aria-hidden=\"true\" class=\"wp-block-spacer\"><\/div>\n\n\n\n<h3 class=\"wp-block-heading\">Wo kann ich Maison 1393 Wein finden?<\/h3>\n\n\n\n<p><strong>Deutschland &#8211; Berlin<\/strong><\/p>\n\n\n\n<p>Bitte wendet Euch an CHAST &#8211; Feine Kost. <br>E-Mail: germany@maison1393.com<br>Telefon: +49 176 10 63 27 04<\/p>\n\n\n\n<p><strong>D\u00e4nemark &#8211; Billund \/ Copenhagen<\/strong><\/p>\n\n\n\n<p>Bitte wendet Euch an Anno 1871 &#8211; Gourmetage.<br>E-Mail: contact@gourmetage.dk<br>Telefon: +45 23 31 95 16<\/p>\n\n\n\n<div style=\"height:40px\" aria-hidden=\"true\" class=\"wp-block-spacer\"><\/div>\n","protected":false},"excerpt":{"rendered":"<p>Maison 1393 &#8211; Wein Edition &#8217;23 Die Weine Cuv\u00e9e Blanche 2021Cuv\u00e9e aus Muscat Blanc \u00e0 Petits Grains und Vermentino. Ein trockener und aromatischer Wein mit einer feinen Nase von Muskat-, Mandarinen- und Blumennoten. Der Wein hat eine gute Nachhaltigkeit im Mund und eine sch\u00f6ne Frische. &#8230;&#8230;&#8230;&#8230;. Cuv\u00e9e Blanche Barrique 2021Cuv\u00e9e aus Roussanne und Grenache blanc. &hellip; <a href=\"https:\/\/www.maison1393.com\/de\/weine-edition-23\/\" class=\"more-link\">Continue reading <span class=\"screen-reader-text\">Wein Edition &#8217;23<\/span><\/a><\/p>\n","protected":false},"author":1,"featured_media":0,"parent":0,"menu_order":0,"comment_status":"closed","ping_status":"closed","template":"","meta":{"footnotes":""},"class_list":["post-2267","page","type-page","status-publish","hentry"],"_links":{"self":[{"href":"https:\/\/www.maison1393.com\/de\/wp-json\/wp\/v2\/pages\/2267"}],"collection":[{"href":"https:\/\/www.maison1393.com\/de\/wp-json\/wp\/v2\/pages"}],"about":[{"href":"https:\/\/www.maison1393.com\/de\/wp-json\/wp\/v2\/types\/page"}],"author":[{"embeddable":true,"href":"https:\/\/www.maison1393.com\/de\/wp-json\/wp\/v2\/users\/1"}],"replies":[{"embeddable":true,"href":"https:\/\/www.maison1393.com\/de\/wp-json\/wp\/v2\/comments?post=2267"}],"version-history":[{"count":38,"href":"https:\/\/www.maison1393.com\/de\/wp-json\/wp\/v2\/pages\/2267\/revisions"}],"predecessor-version":[{"id":2334,"href":"https:\/\/www.maison1393.com\/de\/wp-json\/wp\/v2\/pages\/2267\/revisions\/2334"}],"wp:attachment":[{"href":"https:\/\/www.maison1393.com\/de\/wp-json\/wp\/v2\/media?parent=2267"}],"curies":[{"name":"wp","href":"https:\/\/api.w.org\/{rel}","templated":true}]}}