{"id":1075,"date":"2016-07-06T06:56:48","date_gmt":"2016-07-06T06:56:48","guid":{"rendered":"http:\/\/dreamvilla.fortune-creations.com\/demo_dreamvilla\/?page_id=10"},"modified":"2023-04-11T23:39:20","modified_gmt":"2023-04-11T21:39:20","slug":"home","status":"publish","type":"page","link":"https:\/\/www.maison1393.com\/de\/","title":{"rendered":"Home"},"content":{"rendered":"<p style=\"text-align: left;\">[vc_row][vc_column][\/vc_column][\/vc_row][vc_row][vc_column]<div class=\"dreamvilla-vertical-space1\"><\/div>\r\n\t<div class=\"max-title max-title1\">\r\n\t\t<h3 style=\"color: #000000;\" class=\"text-center\"><span class=\"none after left\"><strong>\u00dcBER MAISON 1393<\/strong><\/span><\/h3>\r\n\t<\/div><div class=\"dreamvilla-vertical-space1\"><\/div>[vc_column_text]\n<p style=\"font-weight: 400; text-align: center;\">La Maison 1393 ist ein stattliches Geb\u00e4ude aus dem 14. Jahrhundert \u2013 heute eine faszinierende Urlaubsarchitektur. Nur einen Steinwurf von der Kirche Sainte-L\u00e9ocadie entfernt, soll es fr\u00fcher mit dieser verbunden gewesen sein. Unmittelbar an einem kleinen Platz gelegen, kann es sich wirkungsvoll entfalten und wird so Teil der historischen Altstadt.<\/p>\n<p style=\"font-weight: 400; text-align: center;\">Das Erdgeschoss besteht aus einem historischen Gew\u00f6lbe, in welchem das Jahr der Errichtung 1393 eingraviert ist. Meterdicke W\u00e4nde und Decken schirmen das Innere von der Hitze des Sommers ab. Im Erdgeschoss wurde fr\u00fcher Wein produziert. Diese Halle dient heute als Gemeinschaftsbereich. Ein riesiger Eichentisch im vorderen Teil l\u00e4dt ein, wie in einem Refektorium wird hier gemeinsam gespeist und gefeiert. Die moderne K\u00fcche im hinteren Teil bietet alle M\u00f6glichkeiten die K\u00f6stlichkeiten der Region zu lagern und zuzubereiten.<\/p>\n<p style=\"font-weight: 400; text-align: center;\">Im 1. Obergeschoss befinden sich zwei Appartements, deren historischer Charme sich nicht zuletzt um die alten Kamine entfaltet. Die moderne Einrichtung kontrastiert mit diesem Flair. Beide Appartements verf\u00fcgen \u00fcber franz\u00f6sische Balkone.<\/p>\n<p style=\"font-weight: 400; text-align: center;\">Ganz oben im letzten Geschoss befinden sich zwei weitere moderne Appartements. Von der Dachterrasse bieten sich tolle Ausblicke auf die Stadt und die Umgebung. Teile des historischen Daches und die alte Tonziegelarchitektur verspr\u00fchen ihren Charme.<\/p>\n[\/vc_column_text]<hr style=\"border-color:;\"><div class=\"dreamvilla-vertical-space1\"><\/div>\r\n\t<div class=\"max-title max-title1\">\r\n\t\t<h3 style=\"color: #000000;\" class=\"text-center\"><span class=\"none after left\"><strong>Meinungen unserer G\u00e4ste<\/strong><\/span><\/h3>\r\n\t<\/div><div class=\"dreamvilla-vertical-space1\"><\/div>[vc_column_text]\n<p style=\"text-align: center;\"><i>&#8222;Immer auf der Suche nach einer au\u00dfergew\u00f6hnlichen Urlaubsarchitektur haben wir uns in Maison 1393 verliebt und kommen nun immer wieder. Das mehr als 600 Jahre alte Geb\u00e4ude wurde liebevoll restauriert. Im Kontrast zu den modernen Architekturelementen k\u00f6nnen sich die historischen W\u00e4nde und Gew\u00f6lbe aus Muschelkalk wundervoll entfalten.&#8220;<\/i><\/p>\n<p style=\"text-align: center;\">Familie Renger<\/p>\n<hr>\n<p style=\"text-align: center;\"><i>&#8222;Vic la Gardiole und das Maison 1393 &#8211; Eine andere Welt, inmitten wei\u00dfer Pferden, rosa Flamingos, t\u00fcrkisfarbigem Meer und viel Sonnenschein &#8211; F\u00fcr mich ein wundersch\u00f6ne Ort f\u00fcr Erholung, Genuss und Inspiration.&#8220;<\/i><\/p>\n<p style=\"text-align: center;\">Tanja Gluding, Berlin<\/p>\n<hr>\n<p style=\"text-align: center;\"><em>&#8222;In der Maison 1393 haben wir genau das gefunden, was wir suchten: franz\u00f6sisches Lebensgef\u00fchl, mittendrin in einem wundervollen Dorf, sportliche Aktivit\u00e4ten und Kultur, und das alles in der behutsam restaurierten Maison 1393. &#8222;<\/em><\/p>\n<p style=\"text-align: center;\">Christof Glatzel, Essen<\/p>\n[\/vc_column_text]<div class=\"dreamvilla-vertical-space2\"><\/div>[\/vc_column][\/vc_row][vc_row][vc_column]<hr style=\"border-color:;\">[\/vc_column][\/vc_row][vc_row][vc_column width=&#8220;1\/2&#8243; offset=&#8220;vc_col-lg-6 vc_col-md-6 vc_col-xs-6&#8243;]<a  href=\"#contact-part\" style=\"color:#ffffff; background-color:#435061;    \" class=\"button pull-right      \" target=\"_self\"><strong>KARTE ZEIGEN<\/strong><\/a>[\/vc_column][vc_column width=&#8220;1\/2&#8243; offset=&#8220;vc_col-lg-6 vc_col-md-6 vc_col-xs-6&#8243;]<a  href=\"\/de\/apartments-buchung\/#Preise-Buchung\" style=\"color:#ffffff; background-color:#f75822;    \" class=\"button pull-center      \" target=\"_self\"><strong>JETZT BUCHEN<\/strong><\/a>[\/vc_column][\/vc_row][vc_row][vc_column offset=&#8220;vc_col-xs-12&#8243;]<div class=\"dreamvilla-vertical-space4\"><\/div>[\/vc_column][\/vc_row][vc_row row_type=&#8220;2&#8243; bg_image=&#8220;1956&#8243;][vc_column width=&#8220;1\/2&#8243; css=&#8220;.vc_custom_1477161275477{margin-top: 0px !important;margin-right: 0px !important;margin-bottom: 0px !important;margin-left: 0px !important;padding-top: 0px !important;padding-right: 0px !important;padding-bottom: 0px !important;padding-left: 0px !important;background-position: center !important;background-repeat: no-repeat !important;background-size: cover !important;}&#8220;][\/vc_column][vc_column width=&#8220;1\/2&#8243; css=&#8220;.vc_custom_1477160433463{padding-top: 55px !important;padding-right: 50px !important;padding-bottom: 23px !important;padding-left: 50px !important;background-color: #4d443f !important;}&#8220;]\r\n\t<div class=\"max-title max-title2\">\r\n\t\t<h1 style=\"color: #ffffff;\" class=\"text-left\"><span class=\"none after left\"><strong>Aktivit\u00e4ten<\/strong><\/span><\/h1>\r\n\t<\/div>[vc_column_text]<span style=\"color: #fff;\">Das Mittelmeer ist mit dem Fahrrad in ca. 10 Minuten zu erreichen. Aber auch abseits des Wassers gibt es vieles zu erleben und zu unternehmen.<\/span>[\/vc_column_text][vc_row_inner][vc_column_inner]<ul class=\"dreamvilla-list \" style=\"color:#ffffff\"><li class=\"\">Schwimmen und Tauchen<\/li>\n<li class=\"\">Inlinefahren und Fahrradfahren<\/li>\n<li class=\"\">Surfen und Kiten<\/li>\n<li class=\"\">Kanufahren und Baden<\/li>\n<li class=\"\">Wandern<\/li>\n<li class=\"\">Sightseeing<\/li><\/ul>[\/vc_column_inner][\/vc_row_inner]<div class=\"dreamvilla-vertical-space1\"><\/div>[\/vc_column][\/vc_row][vc_row][vc_column]<div class=\"dreamvilla-vertical-space4\"><\/div>\r\n\t<div class=\"max-title max-title1\">\r\n\t\t<h1 class=\"text-center\"><span class=\"none after left\"><strong>Impressionen<\/strong><\/span><\/h1>\r\n\t<\/div><div class=\"dreamvilla-vertical-space1\"><\/div>[vc_column_text]\n<p style=\"text-align: center;\">Ein paar Impressionen der la Maison 1393, aus Vic la Gardiole und der traumhaften Umgebung.<\/p>\n[\/vc_column_text]<div class=\"dreamvilla-vertical-space1\"><\/div>[\/vc_column][\/vc_row][vc_row row_type=&#8220;1&#8243;][vc_column]\n<section>\r\n\t\t<div class=\"photogallery\">\r\n\t\t\t<ul><li style=\"width:20%\" >\r\n\t\t\t\t\t\t\t\t<img decoding=\"async\" src=\"https:\/\/www.maison1393.com\/wp-content\/uploads\/2016\/11\/culinary_2.jpg\" srcset=\"https:\/\/www.maison1393.com\/wp-content\/uploads\/2016\/11\/culinary_2.jpg 1x,https:\/\/www.maison1393.com\/wp-content\/uploads\/2016\/11\/culinary_2-300x225.jpg 2x,https:\/\/www.maison1393.com\/wp-content\/uploads\/2016\/11\/culinary_2-150x150.jpg 3x\" alt=\"Dessert\" class=\"img-responsive\">\r\n\t\t\t\t\t\t\t\t<div class=\"image_description text-center\" data-toggle=\"modal\" data-target=\"#image_lightbox\">\r\n\t\t\t\t\t\t\t\t\t<div class=\"icon\"><img decoding=\"async\" src=\"https:\/\/www.maison1393.com\/wp-content\/themes\/dreamvilla\/images\/gallary_image_hover_icon.png\" alt=\"+\"><\/div>\r\n\t\t\t\t\t\t\t\t\t<p class=\"text-center\">Dessert<\/p>\r\n\t\t\t\t\t\t\t\t<\/div>\r\n\t\t\t\t\t\t\t<\/li><li style=\"width:20%\" >\r\n\t\t\t\t\t\t\t\t<img decoding=\"async\" src=\"https:\/\/www.maison1393.com\/wp-content\/uploads\/2016\/11\/art-CRAC-Sete.jpg\" srcset=\"https:\/\/www.maison1393.com\/wp-content\/uploads\/2016\/11\/art-CRAC-Sete.jpg 1x,https:\/\/www.maison1393.com\/wp-content\/uploads\/2016\/11\/art-CRAC-Sete-300x225.jpg 2x,https:\/\/www.maison1393.com\/wp-content\/uploads\/2016\/11\/art-CRAC-Sete-150x150.jpg 3x\" alt=\"CRAC S\u00e9te - art\" class=\"img-responsive\">\r\n\t\t\t\t\t\t\t\t<div class=\"image_description text-center\" data-toggle=\"modal\" data-target=\"#image_lightbox\">\r\n\t\t\t\t\t\t\t\t\t<div class=\"icon\"><img decoding=\"async\" src=\"https:\/\/www.maison1393.com\/wp-content\/themes\/dreamvilla\/images\/gallary_image_hover_icon.png\" alt=\"+\"><\/div>\r\n\t\t\t\t\t\t\t\t\t<p class=\"text-center\">CRAC S\u00e9te - art<\/p>\r\n\t\t\t\t\t\t\t\t<\/div>\r\n\t\t\t\t\t\t\t<\/li><li style=\"width:20%\" >\r\n\t\t\t\t\t\t\t\t<img decoding=\"async\" src=\"https:\/\/www.maison1393.com\/wp-content\/uploads\/2016\/11\/art-CRAC-Sete_2.jpg\" srcset=\"https:\/\/www.maison1393.com\/wp-content\/uploads\/2016\/11\/art-CRAC-Sete_2.jpg 1x,https:\/\/www.maison1393.com\/wp-content\/uploads\/2016\/11\/art-CRAC-Sete_2-300x225.jpg 2x,https:\/\/www.maison1393.com\/wp-content\/uploads\/2016\/11\/art-CRAC-Sete_2-150x150.jpg 3x\" alt=\"CRAC S\u00e9te - art\" class=\"img-responsive\">\r\n\t\t\t\t\t\t\t\t<div class=\"image_description text-center\" data-toggle=\"modal\" data-target=\"#image_lightbox\">\r\n\t\t\t\t\t\t\t\t\t<div class=\"icon\"><img decoding=\"async\" src=\"https:\/\/www.maison1393.com\/wp-content\/themes\/dreamvilla\/images\/gallary_image_hover_icon.png\" alt=\"+\"><\/div>\r\n\t\t\t\t\t\t\t\t\t<p class=\"text-center\">CRAC S\u00e9te - art<\/p>\r\n\t\t\t\t\t\t\t\t<\/div>\r\n\t\t\t\t\t\t\t<\/li><li style=\"width:20%\" >\r\n\t\t\t\t\t\t\t\t<img decoding=\"async\" src=\"https:\/\/www.maison1393.com\/wp-content\/uploads\/2016\/11\/art-CRAC-Sete_3.jpg\" srcset=\"https:\/\/www.maison1393.com\/wp-content\/uploads\/2016\/11\/art-CRAC-Sete_3.jpg 1x,https:\/\/www.maison1393.com\/wp-content\/uploads\/2016\/11\/art-CRAC-Sete_3-300x225.jpg 2x,https:\/\/www.maison1393.com\/wp-content\/uploads\/2016\/11\/art-CRAC-Sete_3-150x150.jpg 3x\" alt=\"CRAC S\u00e9te - art\" class=\"img-responsive\">\r\n\t\t\t\t\t\t\t\t<div class=\"image_description text-center\" data-toggle=\"modal\" data-target=\"#image_lightbox\">\r\n\t\t\t\t\t\t\t\t\t<div class=\"icon\"><img decoding=\"async\" src=\"https:\/\/www.maison1393.com\/wp-content\/themes\/dreamvilla\/images\/gallary_image_hover_icon.png\" alt=\"+\"><\/div>\r\n\t\t\t\t\t\t\t\t\t<p class=\"text-center\">CRAC S\u00e9te - art<\/p>\r\n\t\t\t\t\t\t\t\t<\/div>\r\n\t\t\t\t\t\t\t<\/li><li style=\"width:20%\" >\r\n\t\t\t\t\t\t\t\t<img decoding=\"async\" src=\"https:\/\/www.maison1393.com\/wp-content\/uploads\/2016\/11\/biking.jpg\" srcset=\"https:\/\/www.maison1393.com\/wp-content\/uploads\/2016\/11\/biking.jpg 1x,https:\/\/www.maison1393.com\/wp-content\/uploads\/2016\/11\/biking-300x225.jpg 2x,https:\/\/www.maison1393.com\/wp-content\/uploads\/2016\/11\/biking-150x150.jpg 3x\" alt=\"Radfahren\" class=\"img-responsive\">\r\n\t\t\t\t\t\t\t\t<div class=\"image_description text-center\" data-toggle=\"modal\" data-target=\"#image_lightbox\">\r\n\t\t\t\t\t\t\t\t\t<div class=\"icon\"><img decoding=\"async\" src=\"https:\/\/www.maison1393.com\/wp-content\/themes\/dreamvilla\/images\/gallary_image_hover_icon.png\" alt=\"+\"><\/div>\r\n\t\t\t\t\t\t\t\t\t<p class=\"text-center\">Radfahren<\/p>\r\n\t\t\t\t\t\t\t\t<\/div>\r\n\t\t\t\t\t\t\t<\/li><li style=\"width:20%\" >\r\n\t\t\t\t\t\t\t\t<img decoding=\"async\" src=\"https:\/\/www.maison1393.com\/wp-content\/uploads\/2016\/11\/kueche_tuer.jpg\" srcset=\"https:\/\/www.maison1393.com\/wp-content\/uploads\/2016\/11\/kueche_tuer.jpg 1x,https:\/\/www.maison1393.com\/wp-content\/uploads\/2016\/11\/kueche_tuer-300x225.jpg 2x,https:\/\/www.maison1393.com\/wp-content\/uploads\/2016\/11\/kueche_tuer-150x150.jpg 3x\" alt=\"K\u00fcche\" class=\"img-responsive\">\r\n\t\t\t\t\t\t\t\t<div class=\"image_description text-center\" data-toggle=\"modal\" data-target=\"#image_lightbox\">\r\n\t\t\t\t\t\t\t\t\t<div class=\"icon\"><img decoding=\"async\" src=\"https:\/\/www.maison1393.com\/wp-content\/themes\/dreamvilla\/images\/gallary_image_hover_icon.png\" alt=\"+\"><\/div>\r\n\t\t\t\t\t\t\t\t\t<p class=\"text-center\">K\u00fcche<\/p>\r\n\t\t\t\t\t\t\t\t<\/div>\r\n\t\t\t\t\t\t\t<\/li><li style=\"width:20%\" >\r\n\t\t\t\t\t\t\t\t<img decoding=\"async\" src=\"https:\/\/www.maison1393.com\/wp-content\/uploads\/2021\/06\/Maison1393_appartment2.jpg\" srcset=\"https:\/\/www.maison1393.com\/wp-content\/uploads\/2021\/06\/Maison1393_appartment2.jpg 1x,https:\/\/www.maison1393.com\/wp-content\/uploads\/2021\/06\/Maison1393_appartment2-300x225.jpg 2x,https:\/\/www.maison1393.com\/wp-content\/uploads\/2021\/06\/Maison1393_appartment2-150x150.jpg 3x\" alt=\"Apartment 2\" class=\"img-responsive\">\r\n\t\t\t\t\t\t\t\t<div class=\"image_description text-center\" data-toggle=\"modal\" data-target=\"#image_lightbox\">\r\n\t\t\t\t\t\t\t\t\t<div class=\"icon\"><img decoding=\"async\" src=\"https:\/\/www.maison1393.com\/wp-content\/themes\/dreamvilla\/images\/gallary_image_hover_icon.png\" alt=\"+\"><\/div>\r\n\t\t\t\t\t\t\t\t\t<p class=\"text-center\">Apartment 2<\/p>\r\n\t\t\t\t\t\t\t\t<\/div>\r\n\t\t\t\t\t\t\t<\/li><li style=\"width:20%\" >\r\n\t\t\t\t\t\t\t\t<img decoding=\"async\" src=\"https:\/\/www.maison1393.com\/wp-content\/uploads\/2020\/08\/Maison1393_Garten.jpg\" srcset=\"https:\/\/www.maison1393.com\/wp-content\/uploads\/2020\/08\/Maison1393_Garten.jpg 1x,https:\/\/www.maison1393.com\/wp-content\/uploads\/2020\/08\/Maison1393_Garten-300x225.jpg 2x,https:\/\/www.maison1393.com\/wp-content\/uploads\/2020\/08\/Maison1393_Garten-150x150.jpg 3x\" alt=\"Garten\" class=\"img-responsive\">\r\n\t\t\t\t\t\t\t\t<div class=\"image_description text-center\" data-toggle=\"modal\" data-target=\"#image_lightbox\">\r\n\t\t\t\t\t\t\t\t\t<div class=\"icon\"><img decoding=\"async\" src=\"https:\/\/www.maison1393.com\/wp-content\/themes\/dreamvilla\/images\/gallary_image_hover_icon.png\" alt=\"+\"><\/div>\r\n\t\t\t\t\t\t\t\t\t<p class=\"text-center\">Garten<\/p>\r\n\t\t\t\t\t\t\t\t<\/div>\r\n\t\t\t\t\t\t\t<\/li><li style=\"width:20%\" >\r\n\t\t\t\t\t\t\t\t<img decoding=\"async\" src=\"https:\/\/www.maison1393.com\/wp-content\/uploads\/2017\/11\/apartment_3_2.jpg\" srcset=\"https:\/\/www.maison1393.com\/wp-content\/uploads\/2017\/11\/apartment_3_2.jpg 1x,https:\/\/www.maison1393.com\/wp-content\/uploads\/2017\/11\/apartment_3_2-300x225.jpg 2x,https:\/\/www.maison1393.com\/wp-content\/uploads\/2017\/11\/apartment_3_2-150x150.jpg 3x\" alt=\"Apartment 3 Eingang\" class=\"img-responsive\">\r\n\t\t\t\t\t\t\t\t<div class=\"image_description text-center\" data-toggle=\"modal\" data-target=\"#image_lightbox\">\r\n\t\t\t\t\t\t\t\t\t<div class=\"icon\"><img decoding=\"async\" src=\"https:\/\/www.maison1393.com\/wp-content\/themes\/dreamvilla\/images\/gallary_image_hover_icon.png\" alt=\"+\"><\/div>\r\n\t\t\t\t\t\t\t\t\t<p class=\"text-center\">Apartment 3 Eingang<\/p>\r\n\t\t\t\t\t\t\t\t<\/div>\r\n\t\t\t\t\t\t\t<\/li><li style=\"width:20%\" >\r\n\t\t\t\t\t\t\t\t<img decoding=\"async\" src=\"https:\/\/www.maison1393.com\/wp-content\/uploads\/2017\/11\/2017_pfau.jpg\" srcset=\"https:\/\/www.maison1393.com\/wp-content\/uploads\/2017\/11\/2017_pfau.jpg 1x,https:\/\/www.maison1393.com\/wp-content\/uploads\/2017\/11\/2017_pfau-300x225.jpg 2x,https:\/\/www.maison1393.com\/wp-content\/uploads\/2017\/11\/2017_pfau-150x150.jpg 3x\" alt=\"Pfau\" class=\"img-responsive\">\r\n\t\t\t\t\t\t\t\t<div class=\"image_description text-center\" data-toggle=\"modal\" data-target=\"#image_lightbox\">\r\n\t\t\t\t\t\t\t\t\t<div class=\"icon\"><img decoding=\"async\" src=\"https:\/\/www.maison1393.com\/wp-content\/themes\/dreamvilla\/images\/gallary_image_hover_icon.png\" alt=\"+\"><\/div>\r\n\t\t\t\t\t\t\t\t\t<p class=\"text-center\">Pfau<\/p>\r\n\t\t\t\t\t\t\t\t<\/div>\r\n\t\t\t\t\t\t\t<\/li><\/ul>\r\n\t\t<\/div>\r\n\t<\/section>\n[\/vc_column][\/vc_row][vc_row row_type=&#8220;2&#8243; row_class=&#8220;text-center&#8220; bg_color=&#8220;#e5e4e2&#8243;][vc_column][vc_row_inner][vc_column_inner]<div class=\"dreamvilla-vertical-space4\"><\/div>\r\n\t<div class=\"max-title max-title1\">\r\n\t\t<h1 class=\"text-center\"><span class=\"none after left\"><strong>Unsere Apartments<\/strong><\/span><\/h1>\r\n\t<\/div><div class=\"dreamvilla-vertical-space1\"><\/div><div class=\"dreamvilla-vertical-space1\"><\/div>[vc_column_text]\n<p style=\"text-align: center;\"><strong>Apartment 1 + 2<\/strong><\/p>\n<p style=\"text-align: center;\"> Wohnungsfl\u00e4che: 70 m\u00b2, Gesamtfl\u00e4che: 145 m\u00b2 inkl. Erdgeschoss und Dachterrasse, f\u00fcr bis zu 6 Personen<\/p>\n<p style=\"text-align: center;\"><strong>Apartment 1 + 2 + 3<\/strong><\/p>\n<p style=\"text-align: center;\"> Wohnungsfl\u00e4che: 92 m\u00b2, Gesamtfl\u00e4che: 167 m\u00b2 inkl. Erdgeschoss und Dachterrasse, f\u00fcr bis zu 8 Personen<\/p>\n<hr>\n[\/vc_column_text]<div class=\"dreamvilla-vertical-space1\"><\/div><a  href=\"\/de\/apartments-buchung\/#Preise-Buchung\" style=\"color:#ffffff; background-color:#435061;    \" class=\"button pull-center      \" target=\"_self\"><strong>Jetzt Verf\u00fcgbarkeit pr\u00fcfen &amp; buchen<\/strong><\/a>[\/vc_column_inner][\/vc_row_inner]<div class=\"dreamvilla-vertical-space4\"><\/div>[\/vc_column][\/vc_row]\n","protected":false},"excerpt":{"rendered":"<p>[vc_row][vc_column][\/vc_column][\/vc_row][vc_row][vc_column][vc_column_text] La Maison 1393 ist ein stattliches Geb\u00e4ude aus dem 14. Jahrhundert \u2013 heute eine faszinierende Urlaubsarchitektur. Nur einen Steinwurf von der Kirche Sainte-L\u00e9ocadie entfernt, soll es fr\u00fcher mit dieser verbunden gewesen sein. Unmittelbar an einem kleinen Platz gelegen, kann es sich wirkungsvoll entfalten und wird so Teil der historischen Altstadt. Das Erdgeschoss besteht aus &hellip; <a href=\"https:\/\/www.maison1393.com\/de\/photo_gallery\/pfau\/\" class=\"more-link\">Continue reading <span class=\"screen-reader-text\">Pfau<\/span><\/a><\/p>\n","protected":false},"author":1,"featured_media":0,"parent":0,"menu_order":0,"comment_status":"closed","ping_status":"closed","template":"","meta":{"footnotes":""},"class_list":["post-1075","page","type-page","status-publish","hentry"],"_links":{"self":[{"href":"https:\/\/www.maison1393.com\/de\/wp-json\/wp\/v2\/pages\/1075"}],"collection":[{"href":"https:\/\/www.maison1393.com\/de\/wp-json\/wp\/v2\/pages"}],"about":[{"href":"https:\/\/www.maison1393.com\/de\/wp-json\/wp\/v2\/types\/page"}],"author":[{"embeddable":true,"href":"https:\/\/www.maison1393.com\/de\/wp-json\/wp\/v2\/users\/1"}],"replies":[{"embeddable":true,"href":"https:\/\/www.maison1393.com\/de\/wp-json\/wp\/v2\/comments?post=1075"}],"version-history":[{"count":87,"href":"https:\/\/www.maison1393.com\/de\/wp-json\/wp\/v2\/pages\/1075\/revisions"}],"predecessor-version":[{"id":2263,"href":"https:\/\/www.maison1393.com\/de\/wp-json\/wp\/v2\/pages\/1075\/revisions\/2263"}],"wp:attachment":[{"href":"https:\/\/www.maison1393.com\/de\/wp-json\/wp\/v2\/media?parent=1075"}],"curies":[{"name":"wp","href":"https:\/\/api.w.org\/{rel}","templated":true}]}}